{"id":2265,"date":"2025-12-09T06:21:21","date_gmt":"2025-12-09T05:21:21","guid":{"rendered":"https:\/\/www.biomal-pack.hu\/?page_id=2265"},"modified":"2025-12-11T11:55:04","modified_gmt":"2025-12-11T10:55:04","slug":"tanusitvanyaink","status":"publish","type":"page","link":"https:\/\/www.biomal-pack.hu\/en\/tanusitvanyaink\/","title":{"rendered":"Our certificates"},"content":{"rendered":"<div data-elementor-type=\"wp-page\" data-elementor-id=\"2265\" class=\"elementor elementor-2265\" data-elementor-post-type=\"page\">\n\t\t\t\t<div class=\"elementor-element elementor-element-c4b5bc8 e-flex e-con-boxed e-con e-parent\" data-id=\"c4b5bc8\" data-element_type=\"container\" data-e-type=\"container\" data-settings=\"{&quot;jet_parallax_layout_list&quot;:[]}\">\n\t\t\t\t\t<div class=\"e-con-inner\">\n\t\t<div class=\"elementor-element elementor-element-9ae4783 e-con-full e-flex e-con e-child\" data-id=\"9ae4783\" data-element_type=\"container\" data-e-type=\"container\" data-settings=\"{&quot;jet_parallax_layout_list&quot;:[]}\">\n\t\t\t\t<div class=\"elementor-element elementor-element-082e88a elementor-widget__width-inherit elementor-widget elementor-widget-heading\" data-id=\"082e88a\" data-element_type=\"widget\" data-e-type=\"widget\" data-widget_type=\"heading.default\">\n\t\t\t\t<div class=\"elementor-widget-container\">\n\t\t\t\t\t<p class=\"elementor-heading-title elementor-size-default\">Our certificates<\/p>\t\t\t\t<\/div>\n\t\t\t\t<\/div>\n\t\t\t\t<div class=\"elementor-element elementor-element-b148684 elementor-widget__width-initial elementor-widget elementor-widget-heading\" data-id=\"b148684\" data-element_type=\"widget\" data-e-type=\"widget\" data-widget_type=\"heading.default\">\n\t\t\t\t<div class=\"elementor-widget-container\">\n\t\t\t\t\t<h2 class=\"elementor-heading-title elementor-size-default translation-block\"><span class=\"zold\">Authenticity<\/span> is our main driving force<\/h2>\t\t\t\t<\/div>\n\t\t\t\t<\/div>\n\t\t<div class=\"elementor-element elementor-element-4330f7a e-flex e-con-boxed e-con e-child\" data-id=\"4330f7a\" data-element_type=\"container\" data-e-type=\"container\" data-settings=\"{&quot;jet_parallax_layout_list&quot;:[]}\">\n\t\t\t\t\t<div class=\"e-con-inner\">\n\t\t\t\t<div class=\"elementor-element elementor-element-b6637f1 elementor-widget elementor-widget-heading\" data-id=\"b6637f1\" data-element_type=\"widget\" data-e-type=\"widget\" data-widget_type=\"heading.default\">\n\t\t\t\t<div class=\"elementor-widget-container\">\n\t\t\t\t\t<h2 class=\"elementor-heading-title elementor-size-default\">Biomal-Pack tan\u00fas\u00edtv\u00e1nyai<\/h2>\t\t\t\t<\/div>\n\t\t\t\t<\/div>\n\t\t\t\t\t<\/div>\n\t\t\t\t<\/div>\n\t\t<div class=\"elementor-element elementor-element-7141b7a e-con-full e-flex e-con e-child\" data-id=\"7141b7a\" data-element_type=\"container\" data-e-type=\"container\" data-settings=\"{&quot;jet_parallax_layout_list&quot;:[]}\">\n\t\t<div class=\"elementor-element elementor-element-bdd83c3 e-con-full e-flex elementor-invisible e-con e-child\" data-id=\"bdd83c3\" data-element_type=\"container\" data-e-type=\"container\" data-settings=\"{&quot;background_background&quot;:&quot;classic&quot;,&quot;jet_parallax_layout_list&quot;:[],&quot;animation&quot;:&quot;fadeIn&quot;}\">\n\t\t\t\t<div class=\"elementor-element elementor-element-7eba236 elementor-widget__width-initial elementor-position-top elementor-widget elementor-widget-image-box\" data-id=\"7eba236\" data-element_type=\"widget\" data-e-type=\"widget\" data-widget_type=\"image-box.default\">\n\t\t\t\t<div class=\"elementor-widget-container\">\n\t\t\t\t\t<div class=\"elementor-image-box-wrapper\"><figure class=\"elementor-image-box-img\"><a href=\"#elementor-action%3Aaction%3Dlightbox%26settings%3DeyJ1cmwiOiJodHRwczpcL1wvd3d3LmJpb21hbC1wYWNrLmh1XC93cC1jb250ZW50XC91cGxvYWRzXC8yMDI1XC8xMlwvQlBLLUlTTy1NYWd5YXItc2NhbGVkLmpwZyIsInR5cGUiOiJpbWFnZSIsInRpdGxlIjoiQlBLIElTTyBNYWd5YXIifQ%3D%3D\" tabindex=\"-1\"><img decoding=\"async\" width=\"150\" height=\"116\" src=\"https:\/\/www.biomal-pack.hu\/wp-content\/uploads\/2025\/09\/ISO_logo.png\" class=\"attachment-full size-full wp-image-1472\" alt=\"\" \/><\/a><\/figure><div class=\"elementor-image-box-content\"><h3 class=\"elementor-image-box-title\"><a href=\"#elementor-action%3Aaction%3Dlightbox%26settings%3DeyJ1cmwiOiJodHRwczpcL1wvd3d3LmJpb21hbC1wYWNrLmh1XC93cC1jb250ZW50XC91cGxvYWRzXC8yMDI1XC8xMlwvQlBLLUlTTy1NYWd5YXItc2NhbGVkLmpwZyIsInR5cGUiOiJpbWFnZSIsInRpdGxlIjoiQlBLIElTTyBNYWd5YXIifQ%3D%3D\">ISO 9001:2015<\/a><\/h3><p class=\"elementor-image-box-description\">Click to view our certificate<\/p><\/div><\/div>\t\t\t\t<\/div>\n\t\t\t\t<\/div>\n\t\t\t\t<\/div>\n\t\t<div class=\"elementor-element elementor-element-9ce690b e-con-full e-flex elementor-invisible e-con e-child\" data-id=\"9ce690b\" data-element_type=\"container\" data-e-type=\"container\" data-settings=\"{&quot;background_background&quot;:&quot;classic&quot;,&quot;jet_parallax_layout_list&quot;:[],&quot;animation&quot;:&quot;fadeIn&quot;}\">\n\t\t\t\t<div class=\"elementor-element elementor-element-a8ea849 elementor-widget__width-initial elementor-position-top elementor-widget elementor-widget-image-box\" data-id=\"a8ea849\" data-element_type=\"widget\" data-e-type=\"widget\" data-widget_type=\"image-box.default\">\n\t\t\t\t<div class=\"elementor-widget-container\">\n\t\t\t\t\t<div class=\"elementor-image-box-wrapper\"><figure class=\"elementor-image-box-img\"><a href=\"#elementor-action%3Aaction%3Dlightbox%26settings%3DeyJ1cmwiOiJodHRwczpcL1wvd3d3LmJpb21hbC1wYWNrLmh1XC93cC1jb250ZW50XC91cGxvYWRzXC8yMDI1XC8xMlwvQlBLLUlTTy1BbmdvbC1zY2FsZWQuanBnIiwidHlwZSI6ImltYWdlIiwidGl0bGUiOiJCUEsgSVNPIEFuZ29sIn0%3D\" tabindex=\"-1\"><img decoding=\"async\" width=\"150\" height=\"116\" src=\"https:\/\/www.biomal-pack.hu\/wp-content\/uploads\/2025\/09\/ISO_logo.png\" class=\"attachment-full size-full wp-image-1472\" alt=\"\" \/><\/a><\/figure><div class=\"elementor-image-box-content\"><h3 class=\"elementor-image-box-title\"><a href=\"#elementor-action%3Aaction%3Dlightbox%26settings%3DeyJ1cmwiOiJodHRwczpcL1wvd3d3LmJpb21hbC1wYWNrLmh1XC93cC1jb250ZW50XC91cGxvYWRzXC8yMDI1XC8xMlwvQlBLLUlTTy1BbmdvbC1zY2FsZWQuanBnIiwidHlwZSI6ImltYWdlIiwidGl0bGUiOiJCUEsgSVNPIEFuZ29sIn0%3D\">ISO 9001:2015<\/a><\/h3><p class=\"elementor-image-box-description\">Click to view our certificate<\/p><\/div><\/div>\t\t\t\t<\/div>\n\t\t\t\t<\/div>\n\t\t\t\t<\/div>\n\t\t\t\t<\/div>\n\t\t<div class=\"elementor-element elementor-element-2812bb3 e-con-full e-flex e-con e-child\" data-id=\"2812bb3\" data-element_type=\"container\" data-e-type=\"container\" data-settings=\"{&quot;jet_parallax_layout_list&quot;:[]}\">\n\t\t\t\t<div class=\"elementor-element elementor-element-e054799 elementor-widget elementor-widget-heading\" data-id=\"e054799\" data-element_type=\"widget\" data-e-type=\"widget\" data-widget_type=\"heading.default\">\n\t\t\t\t<div class=\"elementor-widget-container\">\n\t\t\t\t\t<h2 class=\"elementor-heading-title elementor-size-default\">Partner\u00fcnk: KGL tan\u00fas\u00edtv\u00e1nyai<\/h2>\t\t\t\t<\/div>\n\t\t\t\t<\/div>\n\t\t\t\t<\/div>\n\t\t<div class=\"elementor-element elementor-element-78341e0 e-con-full e-flex e-con e-child\" data-id=\"78341e0\" data-element_type=\"container\" data-e-type=\"container\" data-settings=\"{&quot;jet_parallax_layout_list&quot;:[]}\">\n\t\t<div class=\"elementor-element elementor-element-4811966 e-con-full e-flex elementor-invisible e-con e-child\" data-id=\"4811966\" data-element_type=\"container\" data-e-type=\"container\" data-settings=\"{&quot;background_background&quot;:&quot;classic&quot;,&quot;jet_parallax_layout_list&quot;:[],&quot;animation&quot;:&quot;fadeIn&quot;}\">\n\t\t\t\t<div class=\"elementor-element elementor-element-8b1a057 elementor-widget__width-initial elementor-position-top elementor-widget elementor-widget-image-box\" data-id=\"8b1a057\" data-element_type=\"widget\" data-e-type=\"widget\" data-widget_type=\"image-box.default\">\n\t\t\t\t<div class=\"elementor-widget-container\">\n\t\t\t\t\t<div class=\"elementor-image-box-wrapper\"><figure class=\"elementor-image-box-img\"><a href=\"https:\/\/www.biomal-pack.hu\/wp-content\/uploads\/2025\/12\/KGL_25_ISO_9001_EN.pdf\" target=\"_blank\" tabindex=\"-1\"><img decoding=\"async\" width=\"150\" height=\"116\" src=\"https:\/\/www.biomal-pack.hu\/wp-content\/uploads\/2025\/09\/ISO_logo.png\" class=\"attachment-full size-full wp-image-1472\" alt=\"\" \/><\/a><\/figure><div class=\"elementor-image-box-content\"><h3 class=\"elementor-image-box-title\"><a href=\"https:\/\/www.biomal-pack.hu\/wp-content\/uploads\/2025\/12\/KGL_25_ISO_9001_EN.pdf\" target=\"_blank\"> ISO 9001:2015<\/a><\/h3><p class=\"elementor-image-box-description\">Click to view our certificate<\/p><\/div><\/div>\t\t\t\t<\/div>\n\t\t\t\t<\/div>\n\t\t\t\t<\/div>\n\t\t<div class=\"elementor-element elementor-element-7c8ce7d e-con-full e-flex elementor-invisible e-con e-child\" data-id=\"7c8ce7d\" data-element_type=\"container\" data-e-type=\"container\" data-settings=\"{&quot;background_background&quot;:&quot;classic&quot;,&quot;jet_parallax_layout_list&quot;:[],&quot;animation&quot;:&quot;fadeIn&quot;}\">\n\t\t\t\t<div class=\"elementor-element elementor-element-ab6bac7 elementor-widget__width-initial elementor-position-top elementor-widget elementor-widget-image-box\" data-id=\"ab6bac7\" data-element_type=\"widget\" data-e-type=\"widget\" data-widget_type=\"image-box.default\">\n\t\t\t\t<div class=\"elementor-widget-container\">\n\t\t\t\t\t<div class=\"elementor-image-box-wrapper\"><figure class=\"elementor-image-box-img\"><a href=\"https:\/\/www.biomal-pack.hu\/wp-content\/uploads\/2025\/12\/KGL_25_ISO_14001_EN.pdf\" target=\"_blank\" tabindex=\"-1\"><img decoding=\"async\" width=\"150\" height=\"116\" src=\"https:\/\/www.biomal-pack.hu\/wp-content\/uploads\/2025\/09\/ISO_logo.png\" class=\"attachment-full size-full wp-image-1472\" alt=\"\" \/><\/a><\/figure><div class=\"elementor-image-box-content\"><h3 class=\"elementor-image-box-title\"><a href=\"https:\/\/www.biomal-pack.hu\/wp-content\/uploads\/2025\/12\/KGL_25_ISO_14001_EN.pdf\" target=\"_blank\">ISO 14001<\/a><\/h3><p class=\"elementor-image-box-description\">Click to view our certificate<\/p><\/div><\/div>\t\t\t\t<\/div>\n\t\t\t\t<\/div>\n\t\t\t\t<\/div>\n\t\t<div class=\"elementor-element elementor-element-a3b762c e-con-full e-flex elementor-invisible e-con e-child\" data-id=\"a3b762c\" data-element_type=\"container\" data-e-type=\"container\" data-settings=\"{&quot;background_background&quot;:&quot;classic&quot;,&quot;jet_parallax_layout_list&quot;:[],&quot;animation&quot;:&quot;fadeIn&quot;}\">\n\t\t\t\t<div class=\"elementor-element elementor-element-7e4668a elementor-widget__width-initial elementor-position-top elementor-widget elementor-widget-image-box\" data-id=\"7e4668a\" data-element_type=\"widget\" data-e-type=\"widget\" data-widget_type=\"image-box.default\">\n\t\t\t\t<div class=\"elementor-widget-container\">\n\t\t\t\t\t<div class=\"elementor-image-box-wrapper\"><figure class=\"elementor-image-box-img\"><a href=\"https:\/\/www.biomal-pack.hu\/wp-content\/uploads\/2025\/12\/KGL_Rzakta_25_RA_BRCGS_PM_Certificates.pdf\" target=\"_blank\" tabindex=\"-1\"><img decoding=\"async\" width=\"150\" height=\"116\" src=\"https:\/\/www.biomal-pack.hu\/wp-content\/uploads\/2025\/09\/ISO_logo.png\" class=\"attachment-full size-full wp-image-1472\" alt=\"\" \/><\/a><\/figure><div class=\"elementor-image-box-content\"><h3 class=\"elementor-image-box-title\"><a href=\"https:\/\/www.biomal-pack.hu\/wp-content\/uploads\/2025\/12\/KGL_Rzakta_25_RA_BRCGS_PM_Certificates.pdf\" target=\"_blank\">ISO BRC \/ HACCP<\/a><\/h3><p class=\"elementor-image-box-description\">Click to view our certificate<\/p><\/div><\/div>\t\t\t\t<\/div>\n\t\t\t\t<\/div>\n\t\t\t\t<\/div>\n\t\t\t\t<\/div>\n\t\t<div class=\"elementor-element elementor-element-c40c2b2 e-con-full e-flex e-con e-child\" data-id=\"c40c2b2\" data-element_type=\"container\" data-e-type=\"container\" data-settings=\"{&quot;jet_parallax_layout_list&quot;:[]}\">\n\t\t\t\t<div class=\"elementor-element elementor-element-c6034cc elementor-widget elementor-widget-heading\" data-id=\"c6034cc\" data-element_type=\"widget\" data-e-type=\"widget\" data-widget_type=\"heading.default\">\n\t\t\t\t<div class=\"elementor-widget-container\">\n\t\t\t\t\t<h2 class=\"elementor-heading-title elementor-size-default\">Partner\u00fcnk: Opakovaniamaxnak tan\u00fas\u00edtv\u00e1nyai<\/h2>\t\t\t\t<\/div>\n\t\t\t\t<\/div>\n\t\t\t\t<\/div>\n\t\t<div class=\"elementor-element elementor-element-608cd82 e-con-full e-flex e-con e-child\" data-id=\"608cd82\" data-element_type=\"container\" data-e-type=\"container\" data-settings=\"{&quot;jet_parallax_layout_list&quot;:[]}\">\n\t\t<div class=\"elementor-element elementor-element-81e0791 e-con-full e-flex elementor-invisible e-con e-child\" data-id=\"81e0791\" data-element_type=\"container\" data-e-type=\"container\" data-settings=\"{&quot;background_background&quot;:&quot;classic&quot;,&quot;jet_parallax_layout_list&quot;:[],&quot;animation&quot;:&quot;fadeIn&quot;}\">\n\t\t\t\t<div class=\"elementor-element elementor-element-5b61bf7 elementor-widget__width-initial elementor-position-top elementor-widget elementor-widget-image-box\" data-id=\"5b61bf7\" data-element_type=\"widget\" data-e-type=\"widget\" data-widget_type=\"image-box.default\">\n\t\t\t\t<div class=\"elementor-widget-container\">\n\t\t\t\t\t<div class=\"elementor-image-box-wrapper\"><figure class=\"elementor-image-box-img\"><a href=\"#elementor-action%3Aaction%3Dlightbox%26settings%3DeyJ1cmwiOiJodHRwczpcL1wvd3d3LmJpb21hbC1wYWNrLmh1XC93cC1jb250ZW50XC91cGxvYWRzXC8yMDI1XC8xMlwvRkFCUllLQS1PUEFLT1dBTklBTUFYLUoyMDE1LVIyMDI0LWFuZ2llbHNrYTUtc2NhbGVkLmpwZyIsInR5cGUiOiJpbWFnZSIsInRpdGxlIjoiRkFCUllLQSBPUEFLT1dBTklBTUFYIFtKMjAxNV0gLSBSMjAyNCAoYW5naWVsc2thKSg1KSJ9\" tabindex=\"-1\"><img decoding=\"async\" width=\"150\" height=\"116\" src=\"https:\/\/www.biomal-pack.hu\/wp-content\/uploads\/2025\/09\/ISO_logo.png\" class=\"attachment-full size-full wp-image-1472\" alt=\"\" \/><\/a><\/figure><div class=\"elementor-image-box-content\"><h3 class=\"elementor-image-box-title\"><a href=\"#elementor-action%3Aaction%3Dlightbox%26settings%3DeyJ1cmwiOiJodHRwczpcL1wvd3d3LmJpb21hbC1wYWNrLmh1XC93cC1jb250ZW50XC91cGxvYWRzXC8yMDI1XC8xMlwvRkFCUllLQS1PUEFLT1dBTklBTUFYLUoyMDE1LVIyMDI0LWFuZ2llbHNrYTUtc2NhbGVkLmpwZyIsInR5cGUiOiJpbWFnZSIsInRpdGxlIjoiRkFCUllLQSBPUEFLT1dBTklBTUFYIFtKMjAxNV0gLSBSMjAyNCAoYW5naWVsc2thKSg1KSJ9\">ISO 9001:2015<\/a><\/h3><p class=\"elementor-image-box-description\">Click to view our certificate<\/p><\/div><\/div>\t\t\t\t<\/div>\n\t\t\t\t<\/div>\n\t\t\t\t<\/div>\n\t\t<div class=\"elementor-element elementor-element-f45c325 e-con-full e-flex elementor-invisible e-con e-child\" data-id=\"f45c325\" data-element_type=\"container\" data-e-type=\"container\" data-settings=\"{&quot;background_background&quot;:&quot;classic&quot;,&quot;jet_parallax_layout_list&quot;:[],&quot;animation&quot;:&quot;fadeIn&quot;}\">\n\t\t\t\t<div class=\"elementor-element elementor-element-5c4949e elementor-widget__width-initial elementor-position-top elementor-widget elementor-widget-image-box\" data-id=\"5c4949e\" data-element_type=\"widget\" data-e-type=\"widget\" data-widget_type=\"image-box.default\">\n\t\t\t\t<div class=\"elementor-widget-container\">\n\t\t\t\t\t<div class=\"elementor-image-box-wrapper\"><figure class=\"elementor-image-box-img\"><a href=\"https:\/\/www.biomal-pack.hu\/wp-content\/uploads\/2025\/12\/Certificate-DNV-COC-001474-20231004-20231004072900-1.pdf\" target=\"_blank\" tabindex=\"-1\"><img decoding=\"async\" width=\"150\" height=\"116\" src=\"https:\/\/www.biomal-pack.hu\/wp-content\/uploads\/2025\/09\/ISO_logo.png\" class=\"attachment-full size-full wp-image-1472\" alt=\"\" \/><\/a><\/figure><div class=\"elementor-image-box-content\"><h3 class=\"elementor-image-box-title\"><a href=\"https:\/\/www.biomal-pack.hu\/wp-content\/uploads\/2025\/12\/Certificate-DNV-COC-001474-20231004-20231004072900-1.pdf\" target=\"_blank\">FSC Certificate<\/a><\/h3><p class=\"elementor-image-box-description\">Click to view our certificate<\/p><\/div><\/div>\t\t\t\t<\/div>\n\t\t\t\t<\/div>\n\t\t\t\t<\/div>\n\t\t<div class=\"elementor-element elementor-element-3a5ae52 e-con-full e-flex elementor-invisible e-con e-child\" data-id=\"3a5ae52\" data-element_type=\"container\" data-e-type=\"container\" data-settings=\"{&quot;background_background&quot;:&quot;classic&quot;,&quot;jet_parallax_layout_list&quot;:[],&quot;animation&quot;:&quot;fadeIn&quot;}\">\n\t\t\t\t<div class=\"elementor-element elementor-element-844debc elementor-widget__width-initial elementor-position-top elementor-widget elementor-widget-image-box\" data-id=\"844debc\" data-element_type=\"widget\" data-e-type=\"widget\" data-widget_type=\"image-box.default\">\n\t\t\t\t<div class=\"elementor-widget-container\">\n\t\t\t\t\t<div class=\"elementor-image-box-wrapper\"><figure class=\"elementor-image-box-img\"><a href=\"https:\/\/www.biomal-pack.hu\/wp-content\/uploads\/2025\/12\/18249_Opakowaniamax_BRCGS-PM_2024_Certificate_EN-2.pdf\" target=\"_blank\" tabindex=\"-1\"><img decoding=\"async\" width=\"150\" height=\"116\" src=\"https:\/\/www.biomal-pack.hu\/wp-content\/uploads\/2025\/09\/ISO_logo.png\" class=\"attachment-full size-full wp-image-1472\" alt=\"\" \/><\/a><\/figure><div class=\"elementor-image-box-content\"><h3 class=\"elementor-image-box-title\"><a href=\"https:\/\/www.biomal-pack.hu\/wp-content\/uploads\/2025\/12\/18249_Opakowaniamax_BRCGS-PM_2024_Certificate_EN-2.pdf\" target=\"_blank\">BRC certificate<\/a><\/h3><p class=\"elementor-image-box-description\">Click to view our certificate<\/p><\/div><\/div>\t\t\t\t<\/div>\n\t\t\t\t<\/div>\n\t\t\t\t<\/div>\n\t\t\t\t<\/div>\n\t\t\t\t<\/div>\n\t\t\t\t\t<\/div>\n\t\t\t\t<\/div>\n\t\t\t\t<\/div>","protected":false},"excerpt":{"rendered":"<p>Tan\u00fas\u00edtv\u00e1nyaink A hiteless\u00e9g a f\u0151 mozgat\u00f3rug\u00f3nk Biomal-Pack tan\u00fas\u00edtv\u00e1nyai ISO 9001:2015 Kattintson \u00e9s tekintse meg tan\u00fas\u00edtv\u00e1nyunkat ISO 9001:2015 Kattintson \u00e9s tekintse [&hellip;]<\/p>\n","protected":false},"author":5,"featured_media":0,"parent":0,"menu_order":0,"comment_status":"closed","ping_status":"closed","template":"","meta":{"inline_featured_image":false,"site-sidebar-layout":"no-sidebar","site-content-layout":"","ast-site-content-layout":"full-width-container","site-content-style":"default","site-sidebar-style":"default","ast-global-header-display":"","ast-banner-title-visibility":"","ast-main-header-display":"","ast-hfb-above-header-display":"","ast-hfb-below-header-display":"","ast-hfb-mobile-header-display":"","site-post-title":"disabled","ast-breadcrumbs-content":"","ast-featured-img":"disabled","footer-sml-layout":"","theme-transparent-header-meta":"","adv-header-id-meta":"","stick-header-meta":"","header-above-stick-meta":"","header-main-stick-meta":"","header-below-stick-meta":"","astra-migrate-meta-layouts":"default","ast-page-background-enabled":"default","ast-page-background-meta":{"desktop":{"background-color":"var(--ast-global-color-5)","background-image":"","background-repeat":"repeat","background-position":"center center","background-size":"auto","background-attachment":"scroll","background-type":"","background-media":"","overlay-type":"","overlay-color":"","overlay-opacity":"","overlay-gradient":""},"tablet":{"background-color":"","background-image":"","background-repeat":"repeat","background-position":"center center","background-size":"auto","background-attachment":"scroll","background-type":"","background-media":"","overlay-type":"","overlay-color":"","overlay-opacity":"","overlay-gradient":""},"mobile":{"background-color":"","background-image":"","background-repeat":"repeat","background-position":"center center","background-size":"auto","background-attachment":"scroll","background-type":"","background-media":"","overlay-type":"","overlay-color":"","overlay-opacity":"","overlay-gradient":""}},"ast-content-background-meta":{"desktop":{"background-color":"var(--ast-global-color-4)","background-image":"","background-repeat":"repeat","background-position":"center center","background-size":"auto","background-attachment":"scroll","background-type":"","background-media":"","overlay-type":"","overlay-color":"","overlay-opacity":"","overlay-gradient":""},"tablet":{"background-color":"var(--ast-global-color-4)","background-image":"","background-repeat":"repeat","background-position":"center center","background-size":"auto","background-attachment":"scroll","background-type":"","background-media":"","overlay-type":"","overlay-color":"","overlay-opacity":"","overlay-gradient":""},"mobile":{"background-color":"var(--ast-global-color-4)","background-image":"","background-repeat":"repeat","background-position":"center center","background-size":"auto","background-attachment":"scroll","background-type":"","background-media":"","overlay-type":"","overlay-color":"","overlay-opacity":"","overlay-gradient":""}},"footnotes":""},"class_list":["post-2265","page","type-page","status-publish","hentry"],"_links":{"self":[{"href":"https:\/\/www.biomal-pack.hu\/en\/wp-json\/wp\/v2\/pages\/2265","targetHints":{"allow":["GET"]}}],"collection":[{"href":"https:\/\/www.biomal-pack.hu\/en\/wp-json\/wp\/v2\/pages"}],"about":[{"href":"https:\/\/www.biomal-pack.hu\/en\/wp-json\/wp\/v2\/types\/page"}],"author":[{"embeddable":true,"href":"https:\/\/www.biomal-pack.hu\/en\/wp-json\/wp\/v2\/users\/5"}],"replies":[{"embeddable":true,"href":"https:\/\/www.biomal-pack.hu\/en\/wp-json\/wp\/v2\/comments?post=2265"}],"version-history":[{"count":7,"href":"https:\/\/www.biomal-pack.hu\/en\/wp-json\/wp\/v2\/pages\/2265\/revisions"}],"predecessor-version":[{"id":2288,"href":"https:\/\/www.biomal-pack.hu\/en\/wp-json\/wp\/v2\/pages\/2265\/revisions\/2288"}],"wp:attachment":[{"href":"https:\/\/www.biomal-pack.hu\/en\/wp-json\/wp\/v2\/media?parent=2265"}],"curies":[{"name":"wp","href":"https:\/\/api.w.org\/{rel}","templated":true}]}}